{"id":996670,"date":"2025-11-18T19:38:16","date_gmt":"2025-11-19T00:38:16","guid":{"rendered":"https:\/\/colegioprincipado.edu.co\/staging\/?page_id=996670"},"modified":"2025-11-18T19:50:27","modified_gmt":"2025-11-19T00:50:27","slug":"datos-de-contacto-admisiones","status":"publish","type":"page","link":"https:\/\/colegioprincipado.edu.co\/staging\/datos-de-contacto-admisiones\/","title":{"rendered":"Datos de Contacto Admisiones"},"content":{"rendered":"<div class=\"vgblk-rw-wrapper limit-wrapper\">\n<figure class=\"wp-block-image aligncenter size-large\"><img fetchpriority=\"high\" decoding=\"async\" width=\"1024\" height=\"186\" src=\"https:\/\/colegioprincipado.edu.co\/staging\/wp-content\/uploads\/2025\/11\/BannerContactAdmisiones-1024x186.webp\" alt=\"\" class=\"wp-image-996672\" srcset=\"https:\/\/colegioprincipado.edu.co\/staging\/wp-content\/uploads\/2025\/11\/BannerContactAdmisiones-1024x186.webp 1024w, https:\/\/colegioprincipado.edu.co\/staging\/wp-content\/uploads\/2025\/11\/BannerContactAdmisiones-300x55.webp 300w, https:\/\/colegioprincipado.edu.co\/staging\/wp-content\/uploads\/2025\/11\/BannerContactAdmisiones-768x140.webp 768w, https:\/\/colegioprincipado.edu.co\/staging\/wp-content\/uploads\/2025\/11\/BannerContactAdmisiones.webp 1500w\" sizes=\"(max-width: 1024px) 100vw, 1024px\" \/><\/figure>\n\n\n<h2 class=\"has-text-align-center wp-block-post-title\">Datos de Contacto Admisiones<\/h2>\n\n<div class=\"wpforms-container wpforms-block wpforms-block-66e8cf5c-1906-404f-9f97-c5a591b2c847 wpforms-render-modern\" id=\"wpforms-996645\"><form id=\"wpforms-form-996645\" class=\"wpforms-validate wpforms-form wpforms-ajax-form\" data-formid=\"996645\" method=\"post\" enctype=\"multipart\/form-data\" action=\"\/staging\/wp-json\/wp\/v2\/pages\/996670\" data-token=\"333f42dcb2148a63ca444c80f130f185\" data-token-time=\"1776092989\"><noscript class=\"wpforms-error-noscript\">Por favor, activa JavaScript en tu navegador para completar este formulario.<\/noscript><div id=\"wpforms-error-noscript\" style=\"display: none;\">Por favor, activa JavaScript en tu navegador para completar este formulario.<\/div><div class=\"wpforms-field-container\"><div id=\"wpforms-996645-field_1-container\" class=\"wpforms-field wpforms-field-name\" data-field-id=\"1\"><fieldset><legend class=\"wpforms-field-label\">Nombre <span class=\"wpforms-required-label\" aria-hidden=\"true\">*<\/span><\/legend><div class=\"wpforms-field-row wpforms-field-medium\"><div class=\"wpforms-field-row-block wpforms-first wpforms-one-half\"><input type=\"text\" id=\"wpforms-996645-field_1\" class=\"wpforms-field-name-first wpforms-field-required\" name=\"wpforms[fields][1][first]\" aria-errormessage=\"wpforms-996645-field_1-error\" required><label for=\"wpforms-996645-field_1\" class=\"wpforms-field-sublabel after\">Nombre<\/label><\/div><div class=\"wpforms-field-row-block wpforms-one-half\"><input type=\"text\" id=\"wpforms-996645-field_1-last\" class=\"wpforms-field-name-last wpforms-field-required\" name=\"wpforms[fields][1][last]\" aria-errormessage=\"wpforms-996645-field_1-last-error\" required><label for=\"wpforms-996645-field_1-last\" class=\"wpforms-field-sublabel after\">Apellidos<\/label><\/div><\/div><\/fieldset><\/div><div id=\"wpforms-996645-field_2-container\" class=\"wpforms-field wpforms-field-number\" data-field-id=\"2\"><label class=\"wpforms-field-label\" for=\"wpforms-996645-field_2\">N\u00famero de Tel\u00e9fono <span class=\"wpforms-required-label\" aria-hidden=\"true\">*<\/span><\/label><input type=\"number\" id=\"wpforms-996645-field_2\" class=\"wpforms-field-small wpforms-field-required\" name=\"wpforms[fields][2]\" step=\"any\" aria-errormessage=\"wpforms-996645-field_2-error\" required><\/div><div id=\"wpforms-996645-field_3-container\" class=\"wpforms-field wpforms-field-email\" data-field-id=\"3\"><label class=\"wpforms-field-label\" for=\"wpforms-996645-field_3\">Correo electr\u00f3nico <span class=\"wpforms-required-label\" aria-hidden=\"true\">*<\/span><\/label><input type=\"email\" id=\"wpforms-996645-field_3\" class=\"wpforms-field-medium wpforms-field-required\" name=\"wpforms[fields][3]\" spellcheck=\"false\" aria-errormessage=\"wpforms-996645-field_3-error\" required><\/div><div id=\"wpforms-996645-field_4-container\" class=\"wpforms-field wpforms-field-name\" data-field-id=\"4\"><fieldset><legend class=\"wpforms-field-label\">Nombre del Aspirante (estudiante) <span class=\"wpforms-required-label\" aria-hidden=\"true\">*<\/span><\/legend><div class=\"wpforms-field-row wpforms-field-medium\"><div class=\"wpforms-field-row-block wpforms-first wpforms-one-half\"><input type=\"text\" id=\"wpforms-996645-field_4\" class=\"wpforms-field-name-first wpforms-field-required\" name=\"wpforms[fields][4][first]\" aria-errormessage=\"wpforms-996645-field_4-error\" required><label for=\"wpforms-996645-field_4\" class=\"wpforms-field-sublabel after\">Nombre<\/label><\/div><div class=\"wpforms-field-row-block wpforms-one-half\"><input type=\"text\" id=\"wpforms-996645-field_4-last\" class=\"wpforms-field-name-last wpforms-field-required\" name=\"wpforms[fields][4][last]\" aria-errormessage=\"wpforms-996645-field_4-last-error\" required><label for=\"wpforms-996645-field_4-last\" class=\"wpforms-field-sublabel after\">Apellidos<\/label><\/div><\/div><\/fieldset><\/div><div id=\"wpforms-996645-field_5-container\" class=\"wpforms-field wpforms-field-select wpforms-field-select-style-modern\" data-field-id=\"5\"><label class=\"wpforms-field-label\" for=\"wpforms-996645-field_5\">Grado al que aspira<\/label><select id=\"wpforms-996645-field_5\" class=\"wpforms-field-small choicesjs-select\" data-size-class=\"wpforms-field-row wpforms-field-small\" data-search-enabled=\"1\" name=\"wpforms[fields][5]\"><option value=\"\" class=\"placeholder\" disabled  selected='selected'><\/option><option value=\"P\u00e1rvulos\"  class=\"choice-1 depth-1\"  >P\u00e1rvulos<\/option><option value=\"Prejard\u00edn\"  class=\"choice-2 depth-1\"  >Prejard\u00edn<\/option><option value=\"Jard\u00edn\"  class=\"choice-3 depth-1\"  >Jard\u00edn<\/option><option value=\"Transici\u00f3n\"  class=\"choice-4 depth-1\"  >Transici\u00f3n<\/option><option value=\"Primero\"  class=\"choice-5 depth-1\"  >Primero<\/option><option value=\"Segundo\"  class=\"choice-6 depth-1\"  >Segundo<\/option><option value=\"Tercero\"  class=\"choice-7 depth-1\"  >Tercero<\/option><option value=\"Cuarto\"  class=\"choice-8 depth-1\"  >Cuarto<\/option><option value=\"Quinto\"  class=\"choice-9 depth-1\"  >Quinto<\/option><option value=\"Sexto\"  class=\"choice-10 depth-1\"  >Sexto<\/option><option value=\"S\u00e9ptimo\"  class=\"choice-11 depth-1\"  >S\u00e9ptimo<\/option><option value=\"Octavo\"  class=\"choice-12 depth-1\"  >Octavo<\/option><option value=\"Noveno\"  class=\"choice-13 depth-1\"  >Noveno<\/option><option value=\"D\u00e9cimo\"  class=\"choice-14 depth-1\"  >D\u00e9cimo<\/option><option value=\"Und\u00e9cimo\"  class=\"choice-15 depth-1\"  >Und\u00e9cimo<\/option><\/select><\/div><div id=\"wpforms-996645-field_7-container\" class=\"wpforms-field wpforms-field-radio\" data-field-id=\"7\"><fieldset><legend class=\"wpforms-field-label\">A\u00f1o al que aspira:<\/legend><ul id=\"wpforms-996645-field_7\"><li class=\"choice-1 depth-1\"><input type=\"radio\" id=\"wpforms-996645-field_7_1\" name=\"wpforms[fields][7]\" value=\"2025\" aria-errormessage=\"wpforms-996645-field_7_1-error\"  ><label class=\"wpforms-field-label-inline\" for=\"wpforms-996645-field_7_1\">2025<\/label><\/li><li class=\"choice-2 depth-1\"><input type=\"radio\" id=\"wpforms-996645-field_7_2\" name=\"wpforms[fields][7]\" value=\"2026\" aria-errormessage=\"wpforms-996645-field_7_2-error\"  ><label class=\"wpforms-field-label-inline\" for=\"wpforms-996645-field_7_2\">2026<\/label><\/li><li class=\"choice-3 depth-1\"><input type=\"radio\" id=\"wpforms-996645-field_7_3\" name=\"wpforms[fields][7]\" value=\"2027\" aria-errormessage=\"wpforms-996645-field_7_3-error\"  ><label class=\"wpforms-field-label-inline\" for=\"wpforms-996645-field_7_3\">2027<\/label><\/li><li class=\"choice-4 depth-1\"><input type=\"radio\" id=\"wpforms-996645-field_7_4\" name=\"wpforms[fields][7]\" value=\"2028\" aria-errormessage=\"wpforms-996645-field_7_4-error\"  ><label class=\"wpforms-field-label-inline\" for=\"wpforms-996645-field_7_4\">2028<\/label><\/li><\/ul><\/fieldset><\/div><div id=\"wpforms-996645-field_8-container\" class=\"wpforms-field wpforms-field-select wpforms-field-select-style-modern\" data-field-id=\"8\"><label class=\"wpforms-field-label\" for=\"wpforms-996645-field_8\">C\u00f3mo nos conoce:<\/label><select id=\"wpforms-996645-field_8\" class=\"wpforms-field-small choicesjs-select\" data-size-class=\"wpforms-field-row wpforms-field-small\" data-search-enabled=\"1\" name=\"wpforms[fields][8]\"><option value=\"\" class=\"placeholder\" disabled  selected='selected'><\/option><option value=\"IDMJI\"  class=\"choice-1 depth-1\"  >IDMJI<\/option><option value=\"Referido\"  class=\"choice-2 depth-1\"  >Referido<\/option><option value=\"Residente Cota\"  class=\"choice-3 depth-1\"  >Residente Cota<\/option><option value=\"Convenio - Jard\u00edn Infantil\"  class=\"choice-4 depth-1\"  >Convenio &#8211; Jard\u00edn Infantil<\/option><option value=\"La liga de los M\u00faltiples\"  class=\"choice-5 depth-1\"  >La liga de los M\u00faltiples<\/option><option value=\"Kumon\"  class=\"choice-6 depth-1\"  >Kumon<\/option><option value=\"Redes Sociales - Portal Mejores Colegios\"  class=\"choice-7 depth-1\"  >Redes Sociales &#8211; Portal Mejores Colegios<\/option><option value=\"P\u00e1gina Web\"  class=\"choice-8 depth-1\"  >P\u00e1gina Web<\/option><option value=\"Otro\"  class=\"choice-9 depth-1\"  >Otro<\/option><\/select><\/div>\t\t<div id=\"wpforms-996645-field_6-container\"\n\t\t\tclass=\"wpforms-field wpforms-field-text\"\n\t\t\tdata-field-type=\"text\"\n\t\t\tdata-field-id=\"6\"\n\t\t\t>\n\t\t\t<label class=\"wpforms-field-label\" for=\"wpforms-996645-field_6\" >encuentro prefieres Nombre<\/label>\n\t\t\t<input type=\"text\" id=\"wpforms-996645-field_6\" class=\"wpforms-field-medium\" name=\"wpforms[fields][6]\" >\n\t\t<\/div>\n\t\t<div id=\"wpforms-996645-field_9-container\" class=\"wpforms-field wpforms-field-select wpforms-field-select-style-modern\" data-field-id=\"9\"><label class=\"wpforms-field-label\" for=\"wpforms-996645-field_9\">C\u00f3mo prefieres que te contact\u00e9mos (si escogiste encuentro virtual o visita presencial ind\u00edcanos la fecha y hora en el siguiente campo)<\/label><select id=\"wpforms-996645-field_9\" class=\"wpforms-field-small choicesjs-select\" data-size-class=\"wpforms-field-row wpforms-field-small\" data-search-enabled=\"\" name=\"wpforms[fields][9]\"><option value=\"\" class=\"placeholder\" disabled  selected='selected'><\/option><option value=\"Llamada\"  class=\"choice-1 depth-1\"  >Llamada<\/option><option value=\"WhatsApp\"  class=\"choice-3 depth-1\"  >WhatsApp<\/option><option value=\"Encuentro Virtual\"  class=\"choice-2 depth-1\"  >Encuentro Virtual<\/option><option value=\"Visita Presencial\"  class=\"choice-4 depth-1\"  >Visita Presencial<\/option><\/select><\/div><div id=\"wpforms-996645-field_18-container\" class=\"wpforms-field wpforms-field-text\" data-field-id=\"18\"><label class=\"wpforms-field-label\" for=\"wpforms-996645-field_18\">Fecha del encuentro o visita<\/label><input type=\"text\" id=\"wpforms-996645-field_18\" class=\"wpforms-field-small\" name=\"wpforms[fields][18]\" placeholder=\"dd\/mm\/aa\" aria-errormessage=\"wpforms-996645-field_18-error\" ><\/div><script>\n\t\t\t\t( function() {\n\t\t\t\t\tconst style = document.createElement( 'style' );\n\t\t\t\t\tstyle.appendChild( document.createTextNode( '#wpforms-996645-field_6-container { position: absolute !important; overflow: hidden !important; display: inline !important; height: 1px !important; width: 1px !important; z-index: -1000 !important; padding: 0 !important; } #wpforms-996645-field_6-container input { visibility: hidden; } #wpforms-conversational-form-page #wpforms-996645-field_6-container label { counter-increment: none; }' ) );\n\t\t\t\t\tdocument.head.appendChild( style );\n\t\t\t\t\tdocument.currentScript?.remove();\n\t\t\t\t} )();\n\t\t\t<\/script><\/div><!-- .wpforms-field-container --><div class=\"wpforms-submit-container\" ><input type=\"hidden\" name=\"wpforms[id]\" value=\"996645\"><input type=\"hidden\" name=\"page_title\" value=\"\"><input type=\"hidden\" name=\"page_url\" value=\"https:\/\/colegioprincipado.edu.co\/staging\/wp-json\/wp\/v2\/pages\/996670\"><input type=\"hidden\" name=\"url_referer\" value=\"\"><button type=\"submit\" name=\"wpforms[submit]\" id=\"wpforms-submit-996645\" class=\"wpforms-submit\" data-alt-text=\"Enviando...\" data-submit-text=\"Enviar\" aria-live=\"assertive\" value=\"wpforms-submit\">Enviar<\/button><img decoding=\"async\" src=\"https:\/\/colegioprincipado.edu.co\/staging\/wp-content\/plugins\/wpforms-lite\/assets\/images\/submit-spin.svg\" class=\"wpforms-submit-spinner\" style=\"display: none;\" width=\"26\" height=\"26\" alt=\"Cargando\"><\/div><\/form><\/div>  <!-- .wpforms-container -->\n\n\n<p><\/p>\n<\/div><!-- .vgblk-rw-wrapper -->","protected":false},"excerpt":{"rendered":"","protected":false},"author":1,"featured_media":0,"parent":0,"menu_order":0,"comment_status":"closed","ping_status":"closed","template":"","meta":{"_joinchat":[],"footnotes":""},"class_list":["post-996670","page","type-page","status-publish","hentry"],"_links":{"self":[{"href":"https:\/\/colegioprincipado.edu.co\/staging\/wp-json\/wp\/v2\/pages\/996670","targetHints":{"allow":["GET"]}}],"collection":[{"href":"https:\/\/colegioprincipado.edu.co\/staging\/wp-json\/wp\/v2\/pages"}],"about":[{"href":"https:\/\/colegioprincipado.edu.co\/staging\/wp-json\/wp\/v2\/types\/page"}],"author":[{"embeddable":true,"href":"https:\/\/colegioprincipado.edu.co\/staging\/wp-json\/wp\/v2\/users\/1"}],"replies":[{"embeddable":true,"href":"https:\/\/colegioprincipado.edu.co\/staging\/wp-json\/wp\/v2\/comments?post=996670"}],"version-history":[{"count":3,"href":"https:\/\/colegioprincipado.edu.co\/staging\/wp-json\/wp\/v2\/pages\/996670\/revisions"}],"predecessor-version":[{"id":996680,"href":"https:\/\/colegioprincipado.edu.co\/staging\/wp-json\/wp\/v2\/pages\/996670\/revisions\/996680"}],"wp:attachment":[{"href":"https:\/\/colegioprincipado.edu.co\/staging\/wp-json\/wp\/v2\/media?parent=996670"}],"curies":[{"name":"wp","href":"https:\/\/api.w.org\/{rel}","templated":true}]}}