{"id":995698,"date":"2025-10-22T11:59:19","date_gmt":"2025-10-22T16:59:19","guid":{"rendered":"https:\/\/colegioprincipado.edu.co\/staging\/?page_id=995698"},"modified":"2025-11-20T10:27:47","modified_gmt":"2025-11-20T15:27:47","slug":"funcionario","status":"publish","type":"page","link":"https:\/\/colegioprincipado.edu.co\/staging\/funcionario\/","title":{"rendered":"Funcionario"},"content":{"rendered":"\t\t<div data-elementor-type=\"wp-page\" data-elementor-id=\"995698\" class=\"elementor elementor-995698\" data-elementor-post-type=\"page\">\n\t\t\t\t<div class=\"elementor-element elementor-element-4483f308 e-flex e-con-boxed e-con e-parent\" data-id=\"4483f308\" data-element_type=\"container\" data-settings=\"{&quot;background_background&quot;:&quot;classic&quot;}\">\n\t\t\t\t\t<div class=\"e-con-inner\">\n\t\t<div class=\"elementor-element elementor-element-41f10ecb e-con-full e-flex e-con e-child\" data-id=\"41f10ecb\" data-element_type=\"container\">\n\t\t\t\t<div class=\"elementor-element elementor-element-ca0c7b elementor-widget elementor-widget-heading\" data-id=\"ca0c7b\" data-element_type=\"widget\" data-widget_type=\"heading.default\">\n\t\t\t\t<div class=\"elementor-widget-container\">\n\t\t\t<h2 class=\"elementor-heading-title elementor-size-default\">Funcionario<\/h2>\t\t<\/div>\n\t\t\t\t<\/div>\n\t\t\t\t<div class=\"elementor-element elementor-element-67219885 elementor-widget elementor-widget-text-editor\" data-id=\"67219885\" data-element_type=\"widget\" data-widget_type=\"text-editor.default\">\n\t\t\t\t<div class=\"elementor-widget-container\">\n\t\t\t\t\t\t\tBienvenidos al espacio digital de los funcionarios del colegio, donde encontrar\u00e1s recursos, informaci\u00f3n y actualizaciones para apoyar tu labor y fomentar la colaboraci\u00f3n.\t\t\t\t\t\t<\/div>\n\t\t\t\t<\/div>\n\t\t\t\t<\/div>\n\t\t<div class=\"elementor-element elementor-element-3bfbb63a e-con-full e-flex e-con e-child\" data-id=\"3bfbb63a\" data-element_type=\"container\">\n\t\t\t\t<\/div>\n\t\t\t\t\t<\/div>\n\t\t\t\t<\/div>\n\t\t<div class=\"elementor-element elementor-element-58f21a68 e-flex e-con-boxed e-con e-parent\" data-id=\"58f21a68\" data-element_type=\"container\" data-settings=\"{&quot;background_background&quot;:&quot;classic&quot;}\">\n\t\t\t\t\t<div class=\"e-con-inner\">\n\t\t\t\t<div class=\"elementor-element elementor-element-303bbbbd elementor-widget-divider--view-line elementor-widget elementor-widget-divider\" data-id=\"303bbbbd\" data-element_type=\"widget\" data-widget_type=\"divider.default\">\n\t\t\t\t<div class=\"elementor-widget-container\">\n\t\t\t\t\t<div class=\"elementor-divider\">\n\t\t\t<span class=\"elementor-divider-separator\">\n\t\t\t\t\t\t<\/span>\n\t\t<\/div>\n\t\t\t\t<\/div>\n\t\t\t\t<\/div>\n\t\t\t\t<div class=\"elementor-element elementor-element-22a7fac0 elementor-invisible elementor-widget elementor-widget-text-editor\" data-id=\"22a7fac0\" data-element_type=\"widget\" data-settings=\"{&quot;_animation&quot;:&quot;fadeIn&quot;}\" data-widget_type=\"text-editor.default\">\n\t\t\t\t<div class=\"elementor-widget-container\">\n\t\t\t\t\t\t\tCBCPM\t\t\t\t\t\t<\/div>\n\t\t\t\t<\/div>\n\t\t\t\t<div class=\"elementor-element elementor-element-1d67e8a4 elementor-widget elementor-widget-heading\" data-id=\"1d67e8a4\" data-element_type=\"widget\" data-widget_type=\"heading.default\">\n\t\t\t\t<div class=\"elementor-widget-container\">\n\t\t\t<h2 class=\"elementor-heading-title elementor-size-default\">Herramientas de inter\u00e9s<\/h2>\t\t<\/div>\n\t\t\t\t<\/div>\n\t\t\t\t<div class=\"elementor-element elementor-element-41df4200 elementor-widget-divider--view-line elementor-widget elementor-widget-divider\" data-id=\"41df4200\" data-element_type=\"widget\" data-widget_type=\"divider.default\">\n\t\t\t\t<div class=\"elementor-widget-container\">\n\t\t\t\t\t<div class=\"elementor-divider\">\n\t\t\t<span class=\"elementor-divider-separator\">\n\t\t\t\t\t\t<\/span>\n\t\t<\/div>\n\t\t\t\t<\/div>\n\t\t\t\t<\/div>\n\t\t\t\t\t<\/div>\n\t\t\t\t<\/div>\n\t\t<div class=\"elementor-element elementor-element-5005a1a4 e-flex e-con-boxed e-con e-parent\" data-id=\"5005a1a4\" data-element_type=\"container\" data-settings=\"{&quot;background_background&quot;:&quot;classic&quot;}\">\n\t\t\t\t\t<div class=\"e-con-inner\">\n\t\t<div class=\"elementor-element elementor-element-72f7d6dd e-con-full e-transform e-transform e-flex e-con e-child\" data-id=\"72f7d6dd\" data-element_type=\"container\" data-settings=\"{&quot;_transform_translateY_effect&quot;:{&quot;unit&quot;:&quot;px&quot;,&quot;size&quot;:-1,&quot;sizes&quot;:[]},&quot;_transform_translateX_effect_hover&quot;:{&quot;unit&quot;:&quot;px&quot;,&quot;size&quot;:0,&quot;sizes&quot;:[]},&quot;_transform_translateY_effect_hover&quot;:{&quot;unit&quot;:&quot;px&quot;,&quot;size&quot;:-6,&quot;sizes&quot;:[]},&quot;_transform_translateX_effect&quot;:{&quot;unit&quot;:&quot;px&quot;,&quot;size&quot;:&quot;&quot;,&quot;sizes&quot;:[]},&quot;_transform_translateX_effect_tablet&quot;:{&quot;unit&quot;:&quot;px&quot;,&quot;size&quot;:&quot;&quot;,&quot;sizes&quot;:[]},&quot;_transform_translateX_effect_mobile&quot;:{&quot;unit&quot;:&quot;px&quot;,&quot;size&quot;:&quot;&quot;,&quot;sizes&quot;:[]},&quot;_transform_translateY_effect_tablet&quot;:{&quot;unit&quot;:&quot;px&quot;,&quot;size&quot;:&quot;&quot;,&quot;sizes&quot;:[]},&quot;_transform_translateY_effect_mobile&quot;:{&quot;unit&quot;:&quot;px&quot;,&quot;size&quot;:&quot;&quot;,&quot;sizes&quot;:[]},&quot;_transform_translateX_effect_hover_tablet&quot;:{&quot;unit&quot;:&quot;px&quot;,&quot;size&quot;:&quot;&quot;,&quot;sizes&quot;:[]},&quot;_transform_translateX_effect_hover_mobile&quot;:{&quot;unit&quot;:&quot;px&quot;,&quot;size&quot;:&quot;&quot;,&quot;sizes&quot;:[]},&quot;_transform_translateY_effect_hover_tablet&quot;:{&quot;unit&quot;:&quot;px&quot;,&quot;size&quot;:&quot;&quot;,&quot;sizes&quot;:[]},&quot;_transform_translateY_effect_hover_mobile&quot;:{&quot;unit&quot;:&quot;px&quot;,&quot;size&quot;:&quot;&quot;,&quot;sizes&quot;:[]}}\">\n\t\t\t\t<div class=\"elementor-element elementor-element-2e73bc2a elementor-invisible elementor-widget elementor-widget-heading\" data-id=\"2e73bc2a\" data-element_type=\"widget\" data-settings=\"{&quot;_animation&quot;:&quot;fadeIn&quot;}\" data-widget_type=\"heading.default\">\n\t\t\t\t<div class=\"elementor-widget-container\">\n\t\t\t<h3 class=\"elementor-heading-title elementor-size-default\">Plataforma Phidias<\/h3>\t\t<\/div>\n\t\t\t\t<\/div>\n\t\t\t\t<div class=\"elementor-element elementor-element-244b303a elementor-invisible elementor-widget elementor-widget-text-editor\" data-id=\"244b303a\" data-element_type=\"widget\" data-settings=\"{&quot;_animation&quot;:&quot;fadeIn&quot;}\" data-widget_type=\"text-editor.default\">\n\t\t\t\t<div class=\"elementor-widget-container\">\n\t\t\t\t\t\t\tGesti\u00f3n acad\u00e9mica y administrativa en un solo lugar.\t\t\t\t\t\t<\/div>\n\t\t\t\t<\/div>\n\t\t\t\t<div class=\"elementor-element elementor-element-3a41045 vamtam-has-underline-anim elementor-widget elementor-widget-button\" data-id=\"3a41045\" data-element_type=\"widget\" data-widget_type=\"button.default\">\n\t\t\t\t<div class=\"elementor-widget-container\">\n\t\t\t\t\t<div class=\"elementor-button-wrapper\">\n\t\t\t<a class=\"elementor-button elementor-button-link elementor-size-sm elementor-animation-float\" href=\"https:\/\/colegioprincipado.phidias.co\/\" target=\"_blank\">\n\t\t\t\t\t\t<span class=\"elementor-button-content-wrapper\">\n\t\t\t\t\t\t<span class=\"elementor-button-icon\">\n\t\t\t\t<svg xmlns=\"http:\/\/www.w3.org\/2000\/svg\" id=\"Capa_1\" viewBox=\"0 0 500 500\"><path d=\"M408.32,239.85v5.8c-1.18,5.09-2.67,9.76-6.36,13.64l-125.57,125.54c-3.88,3.69-8.55,5.19-13.64,6.36-1.86-.16-3.99.22-5.8,0-17.76-2.14-27.7-22.5-18.46-37.88l109.47-110.78-107.24-107.37c-18.61-23.87,11.23-53.61,35.05-35.05l126.18,126.08c3.19,3.55,5.79,8.9,6.36,13.64Z\"><\/path><path d=\"M134.45,106.66c12.66-1.08,18.82,6.52,26.82,14.6,32.28,32.6,62.78,67.23,94.43,100.42,7.86,14.21,4.08,25.44-5.99,36.73-31.22,35.03-65.73,67.44-97.43,102.06-24.12,19.82-55.57-13.72-33.08-40.03,21.38-25.02,47.39-49.51,70.19-73.62,3.24-3.43,6.44-7.08,9.52-10.66l-74.49-78.06c-2.74-3.96-6.83-6.81-9.29-11.01-9.43-16.07.12-38.79,19.33-40.43Z\"><\/path><\/svg>\t\t\t<\/span>\n\t\t\t\t\t\t\t\t\t<span class=\"elementor-button-text\">Ingresar<\/span>\n\t\t\t\t\t<\/span>\n\t\t\t\t\t<\/a>\n\t\t<\/div>\n\t\t\t\t<\/div>\n\t\t\t\t<\/div>\n\t\t\t\t<\/div>\n\t\t<div class=\"elementor-element elementor-element-d8f5c48 e-con-full e-transform e-transform e-flex e-con e-child\" data-id=\"d8f5c48\" data-element_type=\"container\" data-settings=\"{&quot;_transform_translateY_effect&quot;:{&quot;unit&quot;:&quot;px&quot;,&quot;size&quot;:-1,&quot;sizes&quot;:[]},&quot;_transform_translateX_effect_hover&quot;:{&quot;unit&quot;:&quot;px&quot;,&quot;size&quot;:0,&quot;sizes&quot;:[]},&quot;_transform_translateY_effect_hover&quot;:{&quot;unit&quot;:&quot;px&quot;,&quot;size&quot;:-6,&quot;sizes&quot;:[]},&quot;_transform_translateX_effect&quot;:{&quot;unit&quot;:&quot;px&quot;,&quot;size&quot;:&quot;&quot;,&quot;sizes&quot;:[]},&quot;_transform_translateX_effect_tablet&quot;:{&quot;unit&quot;:&quot;px&quot;,&quot;size&quot;:&quot;&quot;,&quot;sizes&quot;:[]},&quot;_transform_translateX_effect_mobile&quot;:{&quot;unit&quot;:&quot;px&quot;,&quot;size&quot;:&quot;&quot;,&quot;sizes&quot;:[]},&quot;_transform_translateY_effect_tablet&quot;:{&quot;unit&quot;:&quot;px&quot;,&quot;size&quot;:&quot;&quot;,&quot;sizes&quot;:[]},&quot;_transform_translateY_effect_mobile&quot;:{&quot;unit&quot;:&quot;px&quot;,&quot;size&quot;:&quot;&quot;,&quot;sizes&quot;:[]},&quot;_transform_translateX_effect_hover_tablet&quot;:{&quot;unit&quot;:&quot;px&quot;,&quot;size&quot;:&quot;&quot;,&quot;sizes&quot;:[]},&quot;_transform_translateX_effect_hover_mobile&quot;:{&quot;unit&quot;:&quot;px&quot;,&quot;size&quot;:&quot;&quot;,&quot;sizes&quot;:[]},&quot;_transform_translateY_effect_hover_tablet&quot;:{&quot;unit&quot;:&quot;px&quot;,&quot;size&quot;:&quot;&quot;,&quot;sizes&quot;:[]},&quot;_transform_translateY_effect_hover_mobile&quot;:{&quot;unit&quot;:&quot;px&quot;,&quot;size&quot;:&quot;&quot;,&quot;sizes&quot;:[]}}\">\n\t\t\t\t<div class=\"elementor-element elementor-element-b76013e elementor-invisible elementor-widget elementor-widget-heading\" data-id=\"b76013e\" data-element_type=\"widget\" data-settings=\"{&quot;_animation&quot;:&quot;fadeIn&quot;}\" data-widget_type=\"heading.default\">\n\t\t\t\t<div class=\"elementor-widget-container\">\n\t\t\t<h3 class=\"elementor-heading-title elementor-size-default\">Manual de Convivencia<\/h3>\t\t<\/div>\n\t\t\t\t<\/div>\n\t\t\t\t<div class=\"elementor-element elementor-element-2c68168 elementor-invisible elementor-widget elementor-widget-text-editor\" data-id=\"2c68168\" data-element_type=\"widget\" data-settings=\"{&quot;_animation&quot;:&quot;fadeIn&quot;}\" data-widget_type=\"text-editor.default\">\n\t\t\t\t<div class=\"elementor-widget-container\">\n\t\t\t\t\t\t\tConsulta las normas y lineamientos institucionales que gu\u00edan nuestra comunidad.\t\t\t\t\t\t<\/div>\n\t\t\t\t<\/div>\n\t\t\t\t<div class=\"elementor-element elementor-element-85685e3 vamtam-has-underline-anim elementor-widget elementor-widget-button\" data-id=\"85685e3\" data-element_type=\"widget\" data-widget_type=\"button.default\">\n\t\t\t\t<div class=\"elementor-widget-container\">\n\t\t\t\t\t<div class=\"elementor-button-wrapper\">\n\t\t\t<a class=\"elementor-button elementor-button-link elementor-size-sm elementor-animation-float\" href=\"https:\/\/drive.google.com\/file\/d\/1s8JHS1k1PFcKWXNY6xSRsqLQ3QBLzHxG\/view?usp=sharing\" target=\"_blank\">\n\t\t\t\t\t\t<span class=\"elementor-button-content-wrapper\">\n\t\t\t\t\t\t<span class=\"elementor-button-icon\">\n\t\t\t\t<svg xmlns=\"http:\/\/www.w3.org\/2000\/svg\" id=\"Capa_1\" viewBox=\"0 0 500 500\"><path d=\"M408.32,239.85v5.8c-1.18,5.09-2.67,9.76-6.36,13.64l-125.57,125.54c-3.88,3.69-8.55,5.19-13.64,6.36-1.86-.16-3.99.22-5.8,0-17.76-2.14-27.7-22.5-18.46-37.88l109.47-110.78-107.24-107.37c-18.61-23.87,11.23-53.61,35.05-35.05l126.18,126.08c3.19,3.55,5.79,8.9,6.36,13.64Z\"><\/path><path d=\"M134.45,106.66c12.66-1.08,18.82,6.52,26.82,14.6,32.28,32.6,62.78,67.23,94.43,100.42,7.86,14.21,4.08,25.44-5.99,36.73-31.22,35.03-65.73,67.44-97.43,102.06-24.12,19.82-55.57-13.72-33.08-40.03,21.38-25.02,47.39-49.51,70.19-73.62,3.24-3.43,6.44-7.08,9.52-10.66l-74.49-78.06c-2.74-3.96-6.83-6.81-9.29-11.01-9.43-16.07.12-38.79,19.33-40.43Z\"><\/path><\/svg>\t\t\t<\/span>\n\t\t\t\t\t\t\t\t\t<span class=\"elementor-button-text\">Ver Manual<\/span>\n\t\t\t\t\t<\/span>\n\t\t\t\t\t<\/a>\n\t\t<\/div>\n\t\t\t\t<\/div>\n\t\t\t\t<\/div>\n\t\t\t\t<\/div>\n\t\t<div class=\"elementor-element elementor-element-42f91fde e-con-full e-transform e-transform e-flex e-con e-child\" data-id=\"42f91fde\" data-element_type=\"container\" data-settings=\"{&quot;_transform_translateY_effect&quot;:{&quot;unit&quot;:&quot;px&quot;,&quot;size&quot;:-1,&quot;sizes&quot;:[]},&quot;_transform_translateX_effect_hover&quot;:{&quot;unit&quot;:&quot;px&quot;,&quot;size&quot;:0,&quot;sizes&quot;:[]},&quot;_transform_translateY_effect_hover&quot;:{&quot;unit&quot;:&quot;px&quot;,&quot;size&quot;:-6,&quot;sizes&quot;:[]},&quot;_transform_translateX_effect&quot;:{&quot;unit&quot;:&quot;px&quot;,&quot;size&quot;:&quot;&quot;,&quot;sizes&quot;:[]},&quot;_transform_translateX_effect_tablet&quot;:{&quot;unit&quot;:&quot;px&quot;,&quot;size&quot;:&quot;&quot;,&quot;sizes&quot;:[]},&quot;_transform_translateX_effect_mobile&quot;:{&quot;unit&quot;:&quot;px&quot;,&quot;size&quot;:&quot;&quot;,&quot;sizes&quot;:[]},&quot;_transform_translateY_effect_tablet&quot;:{&quot;unit&quot;:&quot;px&quot;,&quot;size&quot;:&quot;&quot;,&quot;sizes&quot;:[]},&quot;_transform_translateY_effect_mobile&quot;:{&quot;unit&quot;:&quot;px&quot;,&quot;size&quot;:&quot;&quot;,&quot;sizes&quot;:[]},&quot;_transform_translateX_effect_hover_tablet&quot;:{&quot;unit&quot;:&quot;px&quot;,&quot;size&quot;:&quot;&quot;,&quot;sizes&quot;:[]},&quot;_transform_translateX_effect_hover_mobile&quot;:{&quot;unit&quot;:&quot;px&quot;,&quot;size&quot;:&quot;&quot;,&quot;sizes&quot;:[]},&quot;_transform_translateY_effect_hover_tablet&quot;:{&quot;unit&quot;:&quot;px&quot;,&quot;size&quot;:&quot;&quot;,&quot;sizes&quot;:[]},&quot;_transform_translateY_effect_hover_mobile&quot;:{&quot;unit&quot;:&quot;px&quot;,&quot;size&quot;:&quot;&quot;,&quot;sizes&quot;:[]}}\">\n\t\t\t\t<div class=\"elementor-element elementor-element-3b1657ba elementor-invisible elementor-widget elementor-widget-heading\" data-id=\"3b1657ba\" data-element_type=\"widget\" data-settings=\"{&quot;_animation&quot;:&quot;fadeIn&quot;}\" data-widget_type=\"heading.default\">\n\t\t\t\t<div class=\"elementor-widget-container\">\n\t\t\t<h3 class=\"elementor-heading-title elementor-size-default\">LinkTree<\/h3>\t\t<\/div>\n\t\t\t\t<\/div>\n\t\t\t\t<div class=\"elementor-element elementor-element-f010d57 elementor-invisible elementor-widget elementor-widget-text-editor\" data-id=\"f010d57\" data-element_type=\"widget\" data-settings=\"{&quot;_animation&quot;:&quot;fadeIn&quot;}\" data-widget_type=\"text-editor.default\">\n\t\t\t\t<div class=\"elementor-widget-container\">\n\t\t\t\t\t\t\tAccede r\u00e1pidamente a los canales y recursos oficiales del colegio.\t\t\t\t\t\t<\/div>\n\t\t\t\t<\/div>\n\t\t\t\t<div class=\"elementor-element elementor-element-fe0965e vamtam-has-underline-anim elementor-widget elementor-widget-button\" data-id=\"fe0965e\" data-element_type=\"widget\" data-widget_type=\"button.default\">\n\t\t\t\t<div class=\"elementor-widget-container\">\n\t\t\t\t\t<div class=\"elementor-button-wrapper\">\n\t\t\t<a class=\"elementor-button elementor-button-link elementor-size-sm elementor-animation-float\" href=\"https:\/\/linktr.ee\/infoprincipado\" target=\"_blank\">\n\t\t\t\t\t\t<span class=\"elementor-button-content-wrapper\">\n\t\t\t\t\t\t<span class=\"elementor-button-icon\">\n\t\t\t\t<svg xmlns=\"http:\/\/www.w3.org\/2000\/svg\" id=\"Capa_1\" viewBox=\"0 0 500 500\"><path d=\"M408.32,239.85v5.8c-1.18,5.09-2.67,9.76-6.36,13.64l-125.57,125.54c-3.88,3.69-8.55,5.19-13.64,6.36-1.86-.16-3.99.22-5.8,0-17.76-2.14-27.7-22.5-18.46-37.88l109.47-110.78-107.24-107.37c-18.61-23.87,11.23-53.61,35.05-35.05l126.18,126.08c3.19,3.55,5.79,8.9,6.36,13.64Z\"><\/path><path d=\"M134.45,106.66c12.66-1.08,18.82,6.52,26.82,14.6,32.28,32.6,62.78,67.23,94.43,100.42,7.86,14.21,4.08,25.44-5.99,36.73-31.22,35.03-65.73,67.44-97.43,102.06-24.12,19.82-55.57-13.72-33.08-40.03,21.38-25.02,47.39-49.51,70.19-73.62,3.24-3.43,6.44-7.08,9.52-10.66l-74.49-78.06c-2.74-3.96-6.83-6.81-9.29-11.01-9.43-16.07.12-38.79,19.33-40.43Z\"><\/path><\/svg>\t\t\t<\/span>\n\t\t\t\t\t\t\t\t\t<span class=\"elementor-button-text\">Abrir LinkTree<\/span>\n\t\t\t\t\t<\/span>\n\t\t\t\t\t<\/a>\n\t\t<\/div>\n\t\t\t\t<\/div>\n\t\t\t\t<\/div>\n\t\t\t\t<\/div>\n\t\t\t\t\t<\/div>\n\t\t\t\t<\/div>\n\t\t<div class=\"elementor-element elementor-element-1177448b e-flex e-con-boxed e-con e-parent\" data-id=\"1177448b\" data-element_type=\"container\" data-settings=\"{&quot;background_background&quot;:&quot;classic&quot;}\">\n\t\t\t\t\t<div class=\"e-con-inner\">\n\t\t<div class=\"elementor-element elementor-element-5a24588f e-con-full e-flex e-con e-child\" data-id=\"5a24588f\" data-element_type=\"container\">\n\t\t\t\t<div class=\"elementor-element elementor-element-263a243c elementor-widget elementor-widget-heading\" data-id=\"263a243c\" data-element_type=\"widget\" data-widget_type=\"heading.default\">\n\t\t\t\t<div class=\"elementor-widget-container\">\n\t\t\t<h2 class=\"elementor-heading-title elementor-size-default\">Hablemos sobre la educaci\u00f3n de tu hijo<\/h2>\t\t<\/div>\n\t\t\t\t<\/div>\n\t\t\t\t<div class=\"elementor-element elementor-element-1af44981 elementor-invisible elementor-widget elementor-widget-text-editor\" data-id=\"1af44981\" data-element_type=\"widget\" data-settings=\"{&quot;_animation&quot;:&quot;fadeIn&quot;}\" data-widget_type=\"text-editor.default\">\n\t\t\t\t<div class=\"elementor-widget-container\">\n\t\t\t\t\t\t\t<span style=\"font-weight: 400;\">\u00a0D\u00e9janos tus datos y nos pondremos\u00a0 en contacto contigo y descubre por qu\u00e9 somos la mejor elecci\u00f3n para el futuro\u00a0 de tus hijos.<\/span>\t\t\t\t\t\t<\/div>\n\t\t\t\t<\/div>\n\t\t\t\t<div class=\"elementor-element elementor-element-7540ef16 vamtam-has-underline-anim elementor-widget elementor-widget-button\" data-id=\"7540ef16\" data-element_type=\"widget\" data-widget_type=\"button.default\">\n\t\t\t\t<div class=\"elementor-widget-container\">\n\t\t\t\t\t<div class=\"elementor-button-wrapper\">\n\t\t\t<a class=\"elementor-button elementor-button-link elementor-size-sm elementor-animation-float\" href=\"https:\/\/colegioprincipado.edu.co\/staging\/datos-de-contacto-admisiones\/\" target=\"_blank\">\n\t\t\t\t\t\t<span class=\"elementor-button-content-wrapper\">\n\t\t\t\t\t\t<span class=\"elementor-button-icon\">\n\t\t\t\t<svg xmlns=\"http:\/\/www.w3.org\/2000\/svg\" id=\"Capa_1\" viewBox=\"0 0 500 500\"><path d=\"M408.32,239.85v5.8c-1.18,5.09-2.67,9.76-6.36,13.64l-125.57,125.54c-3.88,3.69-8.55,5.19-13.64,6.36-1.86-.16-3.99.22-5.8,0-17.76-2.14-27.7-22.5-18.46-37.88l109.47-110.78-107.24-107.37c-18.61-23.87,11.23-53.61,35.05-35.05l126.18,126.08c3.19,3.55,5.79,8.9,6.36,13.64Z\"><\/path><path d=\"M134.45,106.66c12.66-1.08,18.82,6.52,26.82,14.6,32.28,32.6,62.78,67.23,94.43,100.42,7.86,14.21,4.08,25.44-5.99,36.73-31.22,35.03-65.73,67.44-97.43,102.06-24.12,19.82-55.57-13.72-33.08-40.03,21.38-25.02,47.39-49.51,70.19-73.62,3.24-3.43,6.44-7.08,9.52-10.66l-74.49-78.06c-2.74-3.96-6.83-6.81-9.29-11.01-9.43-16.07.12-38.79,19.33-40.43Z\"><\/path><\/svg>\t\t\t<\/span>\n\t\t\t\t\t\t\t\t\t<span class=\"elementor-button-text\">Recibe informaci\u00f3n ahora<\/span>\n\t\t\t\t\t<\/span>\n\t\t\t\t\t<\/a>\n\t\t<\/div>\n\t\t\t\t<\/div>\n\t\t\t\t<\/div>\n\t\t\t\t<\/div>\n\t\t<div class=\"elementor-element elementor-element-502cb26e e-con-full e-flex e-con e-child\" data-id=\"502cb26e\" data-element_type=\"container\">\n\t\t\t\t<div class=\"elementor-element elementor-element-7a163ca0 elementor-widget elementor-widget-image\" data-id=\"7a163ca0\" data-element_type=\"widget\" data-widget_type=\"image.default\">\n\t\t\t\t<div class=\"elementor-widget-container\">\n\t\t\t\t\t\t\t<div class=\"elementor-image\">\n\t\t\t\t\t\t\t\t\t\t\t\t\t\t\t\t\t\t\t\t\t<img fetchpriority=\"high\" decoding=\"async\" width=\"998\" height=\"835\" src=\"https:\/\/colegioprincipado.edu.co\/staging\/wp-content\/uploads\/2025\/10\/Preescolar.webp\" class=\"attachment-1536x1536 size-1536x1536 wp-image-994840\" alt=\"\" srcset=\"https:\/\/colegioprincipado.edu.co\/staging\/wp-content\/uploads\/2025\/10\/Preescolar.webp 998w, https:\/\/colegioprincipado.edu.co\/staging\/wp-content\/uploads\/2025\/10\/Preescolar-300x251.webp 300w, https:\/\/colegioprincipado.edu.co\/staging\/wp-content\/uploads\/2025\/10\/Preescolar-768x643.webp 768w\" sizes=\"(max-width: 998px) 100vw, 998px\" \/>\t\t\t\t\t\t\t\t\t\t\t\t\t\t\t\t\t\t\t\t\t\t\t\t<\/div>\n\t\t\t\t\t\t<\/div>\n\t\t\t\t<\/div>\n\t\t\t\t<\/div>\n\t\t\t\t\t<\/div>\n\t\t\t\t<\/div>\n\t\t\t\t<\/div>\n\t\t","protected":false},"excerpt":{"rendered":"<p>Funcionario Bienvenidos al espacio digital de los funcionarios del colegio, donde encontrar\u00e1s recursos, informaci\u00f3n y actualizaciones para apoyar tu labor y fomentar la colaboraci\u00f3n. CBCPM Herramientas de inter\u00e9s Plataforma Phidias Gesti\u00f3n acad\u00e9mica y administrativa en un solo lugar. Ingresar Manual de Convivencia Consulta las normas y lineamientos institucionales que gu\u00edan nuestra comunidad. Ver Manual LinkTree&#8230;<\/p>\n","protected":false},"author":1,"featured_media":0,"parent":0,"menu_order":0,"comment_status":"closed","ping_status":"closed","template":"","meta":{"_joinchat":[],"footnotes":""},"class_list":["post-995698","page","type-page","status-publish","hentry"],"_links":{"self":[{"href":"https:\/\/colegioprincipado.edu.co\/staging\/wp-json\/wp\/v2\/pages\/995698","targetHints":{"allow":["GET"]}}],"collection":[{"href":"https:\/\/colegioprincipado.edu.co\/staging\/wp-json\/wp\/v2\/pages"}],"about":[{"href":"https:\/\/colegioprincipado.edu.co\/staging\/wp-json\/wp\/v2\/types\/page"}],"author":[{"embeddable":true,"href":"https:\/\/colegioprincipado.edu.co\/staging\/wp-json\/wp\/v2\/users\/1"}],"replies":[{"embeddable":true,"href":"https:\/\/colegioprincipado.edu.co\/staging\/wp-json\/wp\/v2\/comments?post=995698"}],"version-history":[{"count":37,"href":"https:\/\/colegioprincipado.edu.co\/staging\/wp-json\/wp\/v2\/pages\/995698\/revisions"}],"predecessor-version":[{"id":996725,"href":"https:\/\/colegioprincipado.edu.co\/staging\/wp-json\/wp\/v2\/pages\/995698\/revisions\/996725"}],"wp:attachment":[{"href":"https:\/\/colegioprincipado.edu.co\/staging\/wp-json\/wp\/v2\/media?parent=995698"}],"curies":[{"name":"wp","href":"https:\/\/api.w.org\/{rel}","templated":true}]}}